{"id":1493,"date":"2023-05-22T09:36:45","date_gmt":"2023-05-22T07:36:45","guid":{"rendered":"http:\/\/lamarche-ovize.com\/\/?page_id=1493"},"modified":"2026-01-09T15:10:47","modified_gmt":"2026-01-09T14:10:47","slug":"bio","status":"publish","type":"page","link":"https:\/\/lamarche-ovize.com\/index.php\/bio\/","title":{"rendered":"Bio"},"content":{"rendered":"\n<p style=\"font-size:30px\"><strong>Collections :<\/strong><\/p>\n\n\n\n<p style=\"font-size:25px\">Cit\u00e9 de la c\u00e9ramique, S\u00e8vres<br>FMAC, ville de Paris<br>CNAP, Paris<br>frac \u00eele de France<br>frac Midi-Pyr\u00e9n\u00e9es<br>frac Pays de la loire<br>Artoth\u00e8que Hennebont<br>Artoth\u00e8que du Lot<br>Artoth\u00e8que B.M, Lyon<br>Artoh\u00e8que MLIS, Villeurbanne<br>Collection Altadis<br>FRAC, Picardie, <br>Nouveau mus\u00e9e national de Monaco,<br>Fondation thalie<\/p>\n\n\n\n<p class=\"has-text-align-left\" style=\"font-size:30px\"><strong>Solo show :<\/strong><\/p>\n\n\n\n<p style=\"font-size:25px\"><strong>2026<\/strong> <br>\u00ab\u00a0El pie del bosque\u00a0\u00bb Luis Adelantado Galeria, Valencia<\/p>\n\n\n\n<p style=\"font-size:25px\"><strong>2025<\/strong> <br>\u00ab\u00a0Hallfmoon Solarday\u00a0\u00bb, Magen H Gallery with Lefebvre&amp;fils, New York <br>\u00ab\u00a0La licorne, l&rsquo;\u00e9toile et la lune\u00a0\u00bb, Mus\u00e9e de la chasse et de la nature, fondation Fran\u00e7ois Sommer, Paris, curated by Remy Provendier-Commenne <br>\u00ab\u00a0Les \u00e9claircies\u00a0\u00bb, pavillon des expositions, Mus\u00e9e d\u2019art et d\u2019histoire de Saint Brieuc, curated by Solenn Morel<br>\u00ab\u00a0364 saisons\u00a0\u00bb Espace de l\u2019art concret, Mouans Sartoux, France<\/p>\n\n\n\n<p style=\"font-size:25px\"><strong>2024<\/strong> <br>\u00ab\u00a0Rochik\u00a0\u00bb WE DO NOT WORK ALONE, Paris, France<br>\u00ab\u00a0Pot \u00e0 peau\u00a0\u00bb, mus\u00e9e des moulages, Paris<\/p>\n\n\n\n<p style=\"font-size:25px\"><strong>2023<\/strong>&nbsp;&nbsp; <br>\u00ab Les dinosaures v\u00e9g\u00e9tariens \u00bb, MASC, les Sables d\u2019Olonnes, France<br>MASC, les sables d\u2019olonnes.<\/p>\n\n\n\n<p style=\"font-size:25px\"><strong>2022<\/strong>&nbsp;&nbsp; <br>\u00ab&nbsp;La flore est diverse \u00e0 peu pr\u00e8s&nbsp;\u00bb, le 19, crac, Montb\u00e9liard<br>\u00ab&nbsp;Legumistes&nbsp;\u00bb, Mus\u00e9e des beaux-arts, La Chaux-de-fonds commissariat: Marie Gaitzsch, David Lemaire.<\/p>\n\n\n\n<p style=\"font-size:25px\"><strong>2021&nbsp;&nbsp; <\/strong><br>\u00ab&nbsp;La cueva, sus flores y patrones&nbsp;\u00bb, Luis Adelantado Gallery, Valencia, Spain<\/p>\n\n\n\n<p style=\"font-size:25px\"><strong>2020&nbsp;&nbsp; <\/strong><br>\u00ab\u00a0Rufus\u00a0\u00bb, commissariat : Sylvie Froux, Frac Normandie, Caen, France<\/p>\n\n\n\n<p style=\"font-size:25px\"><strong>2019&nbsp;&nbsp; <\/strong><br>\u00ab\u00a0Elis\u00e9e, une biographie\u00a0\u00bb commissariat : Solenn Morel, DrawingLab, Paris, France<br>\u00ab\u00a0La bouche d&rsquo;ombre\u00a0\u00bb, 2019, commissariat : Alexandra Fau, Fabre, Paris, France<br>\u00ab\u00a0Batz-sur-mer\u00a0\u00bb, Untitled Art-fair, Galerie Lefebvre&amp;fils, San Francisco, Etats-Unis<br>\u00ab\u00a0Isabella et le pot de basilic\u00a0\u00bb, CAC la traverse, Alfortville, France<br>\u00ab\u00a0Notes\u00a0\u00bb, Galerie Lefebvre&amp;fils, Paris, France<\/p>\n\n\n\n<p style=\"font-size:25px\"><strong>2018&nbsp;&nbsp; <\/strong><br>\u00ab\u00a0Hyacinthe\u00a0\u00bb, galerie Aeroplastics, Bruxelles, Belgique<\/p>\n\n\n\n<p style=\"font-size:25px\"><strong>2017&nbsp;&nbsp; <\/strong><br>\u00ab\u00a0Marea\u00a0\u00bb, Luis Adelantado galeria, Valence, Espagne<br>\u00ab\u00a0Nos paradis perdus\u00a0\u00bb Galerie G-P&amp;N Vallois (project room), Paris, France<br>\u00ab\u00a0Les motifs sauvages\u00a0\u00bb Centre d&rsquo;art du Parc Saint L\u00e9ger, Pougues-les-eaux, France<br>\u00ab\u00a0Nouvelles de Veracruz\u00a0\u00bb, Le Grand caf\u00e9, Saint Nazaire, France<\/p>\n\n\n\n<p style=\"font-size:25px\"><strong>2016&nbsp;&nbsp; <\/strong><br>\u00ab\u00a0Pop column and dream collages\u00a0\u00bb Luis Adelantado galeria, Mexico DF, Mexique<br>\u00ab\u00a0Nouvelles de nulle part\u00a0\u00bb Centre d&rsquo;art les Capucins, Embrun, France<br>\u00ab\u00a0KIC 4852\u00a0\u00bb MAGP, Cajarc, France<\/p>\n\n\n\n<p style=\"font-size:25px\"><strong>2015&nbsp;&nbsp; <\/strong><br>\u00ab\u00a0The Host\u00a0\u00bb, commissariat : Nathalie Viot , Untilthen226, Paris France<br>\u00ab\u00a0Et les fleurs ont bouilli vives dans leurs piscines\u00a0\u00bb, commissariat : Annabela, Tournon, parc culturel de Rentilly, France<br>\u00ab\u00a0Chaine, porte-cl\u00e9s et pavillons\u00a0\u00bb, Toshiba House, Besan\u00e7on, France<br>MAD, with The Drawer, la maison rouge, Paris, France<\/p>\n\n\n\n<p style=\"font-size:25px\"><strong>2014&nbsp;&nbsp; <\/strong><br>\u00ab\u00a0Trouve des fleurs qui soient des chaises\u00a0\u00bb, commissariat : Annabela Tournon, parc culturel de Rentilly, France<br>\u00ab\u00a0La maison enchant\u00e9e\u00a0\u00bb, Urdla, Villeurbanne, France.<br>\u00ab\u00a0El unico Fruto del amor\u00a0\u00bb, Luis Adelantado galeria, Valence, Espagne<\/p>\n\n\n\n<p style=\"font-size:25px\"><strong>2013&nbsp;&nbsp; <\/strong><br>\u00ab\u00a0The drawer cabinet\u00a0\u00bb, Paris, France<br>\u00ab\u00a0La galerie\u00a0\u00bb, (collaborative project), Noisy-le-Sec, France<\/p>\n\n\n\n<p style=\"font-size:25px\"><strong>2012&nbsp;&nbsp; <\/strong><br>\u00ab\u00a0La couleur des jours\u00a0\u00bb, Le Micro-Onde, centre d&rsquo;art de l&rsquo;Onde, Velizy, France<\/p>\n\n\n\n<p style=\"font-size:25px\"><strong>2011&nbsp;&nbsp; <\/strong><br>\u00ab\u00a0Landscape\u00a0\u00bb, Le Grand atelier, Ecole sup\u00e9rieure d&rsquo;art de Clermont M\u00e9tropole, Clermont Ferrand, France<\/p>\n\n\n\n<p style=\"font-size:25px\"><strong>2010&nbsp;&nbsp; <\/strong><br>\u00ab\u00a0Fonction du regard\u00a0\u00bb, Leroy Merlin, quai d&rsquo;ivry, sur une proposition du B\u00e9tonsalon, Paris France<\/p>\n\n\n\n<p style=\"font-size:25px\"><strong>2009&nbsp;&nbsp; <\/strong><br>\u00ab\u00a0L&rsquo;origine\u00a0\u00bb, Galerie Carlos Cardenas, Paris, France<\/p>\n\n\n\n<p style=\"font-size:25px\"><strong>2008&nbsp;&nbsp; <\/strong><br>\u00ab\u00a0Le corps du d\u00e9cor\u00a0\u00bb, Formcontent, Londres, Royaume Uni<br>\u00ab\u00a0Abstracta\/Concreta\u00a0\u00bb, galerie Laurent Godin, Paris, France<\/p>\n\n\n\n<p style=\"font-size:25px\"><strong>2007&nbsp;&nbsp; <\/strong><br>\u00ab\u00a0Plast\u00a0\u00bb, galerija 10m2, Saravejo, Bosnie<\/p>\n\n\n\n<p style=\"font-size:30px\"><strong>Group shows :<\/strong><\/p>\n\n\n\n<p style=\"font-size:25px\"><strong>2025<\/strong> <br>\u00ab Cactus \u00bb, NMNM, Monaco curated by Laurent Le Bon et Marc Jeanson<\/p>\n\n\n\n<p style=\"font-size:25px\"><strong>2024<\/strong> <br>\u00ab Aqua Terra \u00bb, La fondation Fran\u00e7ois Schneider, Wattwiller, France<br>\u00ab\u00a0La main et le Gant\u00a0\u00bb, Mus\u00e9e Jenisch, Vevey, Suisse<br>\u00ab\u00a0Le voyage \u00e0 Nantes\u00a0\u00bb, Nantes, France<br>\u00ab\u00a0Drawing Now\u00a0\u00bb, invitation de MEMO International, Paris, France<\/p>\n\n\n\n<p style=\"font-size:25px\"><strong>2023<\/strong>   <br>\u00ab Ceramics &amp; Friends \u00bb, WE DO NOT WORK ALONE, Paris, France<\/p>\n\n\n\n<p style=\"font-size:25px\"><strong>2022<\/strong>   <br>\u00ab Double jeu \u00bb, MASC, les Sables d\u2019Olonne, France<br>\u00ab\u00a0UNBUILT s\u2019invite chez eux\u00a0\u00bb, Fondation Pernod Ricard, Paris, France<br>\u00ab\u00a0Le jardin\u00a0\u00bb, miroir du monde, Ch\u00e2teau du Rivau, France<\/p>\n\n\n\n<p style=\"font-size:25px\"><strong>2021<\/strong>&nbsp;&nbsp; <br>\u00ab&nbsp;Les flammes&nbsp;\u00bb, MAM, Paris, commissariat: Anne Dressen<br>&nbsp;\u00ab&nbsp;Gurucraftdesign&nbsp;\u00bb, commissariat Graziella Semerciyan, Cornette de Saint Cyr, Paris<\/p>\n\n\n\n<p style=\"font-size:25px\"><strong>2020<\/strong>&nbsp;&nbsp; <br>\u00ab&nbsp;R\u00e9-ouverture&nbsp;\u00bb, Galerie Laurent Godin, Paris.<br>&nbsp;\u00ab&nbsp;Unbuilt&nbsp;\u00bb, Paris, commissariat Alexandra Fau<\/p>\n\n\n\n<p style=\"font-size:25px\"><strong>2019&nbsp;&nbsp; <\/strong><br>\u00ab\u00a0Life on mars\u00a0\u00bb, with le CAPA, Aubervilliers, France<\/p>\n\n\n\n<p style=\"font-size:25px\"><strong>2018&nbsp;&nbsp; <\/strong><br>\u00ab\u00a0Private Choice\u00a0\u00bb, Paris, France<br>\u00ab\u00a0Lobby\u00a0\u00bb, confort mental, Paris, France<br>\u00ab\u00a0Clay\u00a0\u00bb, Galerie Lefebvre et fils,<br>\u00ab\u00a0Blind Market\u00a0\u00bb, Le consulat, Paris, France<br>\u00ab\u00a0Sleepdisorders\u00a0\u00bb, Galerie Underconstruction, Paris, France<br>\u00ab\u00a0Sleepdisorders\u00a0\u00bb, Greylight projects, Bruxelles, Belgique<br>\u00ab\u00a0Mingei&amp;friends\u00a0\u00bb, le coeur, Paris, France<\/p>\n\n\n\n<p style=\"font-size:25px\"><strong>2017&nbsp;&nbsp; <\/strong><br>\u00ab\u00a0Open session\u00a0\u00bb, drawing center New York, Etats-Unis<br>&nbsp;\u00ab\u00a0Private Choice\u00a0\u00bb, Paris, France<br>&nbsp;\u00ab\u00a0Ristretto\u00a0\u00bb, le marquis, l&rsquo;ile Saint Denis, France<br>&nbsp;\u00ab\u00a0Cartons pleins\u00a0\u00bb, More projects, Saint Ouen, France<\/p>\n\n\n\n<p style=\"font-size:25px\"><strong>2016&nbsp;&nbsp; <\/strong><br>\u00ab\u00a0Transition\u00a0\u00bb, commissariat : Pedro Morais, galerie A. Gutharc, Paris, France<br>\u00ab\u00a0Prix attitude\u00a0\u00bb, commissariat : Claire Durand-Ruel, galerie Polaris, Paris, France<br>\u00ab\u00a0Open session\u00a0\u00bb, drawing center New York, Etats-Unis<br>\u00ab\u00a0Urdla, 38 ans d&rsquo;estampes contemporaines\u00a0\u00bb, BNF, Paris, France<br>\u00ab\u00a0Heroes\u00a0\u00bb, commissariat : the drawer, Galerie Georges-Philippe et Nathalie Vallois, Paris, France<\/p>\n\n\n\n<p style=\"font-size:25px\"><strong>2015&nbsp;&nbsp; <\/strong><br>\u00ab\u00a0Outil pour inventaire\u00a0\u00bb, frac pays de la loire, Carquefou, France<br>\u00ab\u00a0Tout doit disparaitre\u00a0\u00bb la Maudite, Paris, France<br>\u00ab\u00a0DesignPorn 1992\u00a0\u00bb, commissariat : Earlwyn Covington, La Rotonde, Paris, France<br>\u00ab\u00a0La souris et le perroquet\u00a0\u00bb, commissariat : Thomas Golsenne and Sarah Tritz and Burkard Bl\u00fcmlein, centre d&rsquo;art de la villa Arson, Nice, France<br>\u00ab\u00a0Las duenas del arte\u00a0\u00bb, las atarazanas, Valence, Espagne<br>\u00ab\u00a0Canada blanch prize\u00a0\u00bb, La Nau, Valence, Espagne.<br>\u00ab\u00a0Art stay\u00a0\u00bb, Slovenie<\/p>\n\n\n\n<p style=\"font-size:25px\"><strong>2014&nbsp;&nbsp; <\/strong><br>\u00ab\u00a0Galeria Alegria\u00a0\u00bb, Madrid, Espagne.<br>\u00ab\u00a0Sleep disorders\u00a0\u00bb episode 9, Capa, Aubervilliers, France.<br>\u00ab\u00a0Illuminaty party\u00a0\u00bb, commissariat : Marion Duclos-Maielander, Design&amp;fils, Paris, France<br>\u00ab\u00a0Une exposition avec de la c\u00e9ramique\u00a0\u00bb, commissariat : Camille Besson et Vianney Fivel, Port-Manteau, Gen\u00e8ve, Suisse<br>\u00ab\u00a0Jeunes Feuilles\u00a0\u00bb, commissariat : Cyrille Noirjean, d\u00e9l\u00e9gation parisienne du grand Lyon, Lyon, France<\/p>\n\n\n\n<p style=\"font-size:25px\"><strong>2013&nbsp;&nbsp; <\/strong><br>\u00ab\u00a0The drawer\u00a0\u00bb, one night show, Galerie du jour Agnes B, Paris, France<br>\u00ab\u00a0The left over method\u00a0\u00bb, commissariat : Marion Daniel, Radiator gallery, New &nbsp;&nbsp;&nbsp; York, &nbsp;&nbsp; Etats-Unis<br>\u00ab\u00a0Zona Maco\u00a0\u00bb, Luis Adelantado Galeria, Mexico DC, Mexique<br>\u00ab\u00a0Re:\u00a0\u00bb, ISBA, commissariat : G\u00e9raldine Pastor-Lloret, Besan\u00e7on, France<br>\u00ab\u00a0Un rembrandt comme planche \u00e0 repasser\u00a0\u00bb, commissariat : Henni Alftan le 6b, Saint-Denis, France<\/p>\n\n\n\n<p style=\"font-size:25px\"><strong>2012&nbsp;&nbsp; <\/strong><br>\u00ab\u00a0Ni d\u00e9but, ni fin\u00a0\u00bb, Urdla, Villeurbanne, France<br>&nbsp;\u00ab\u00a0Ravine\u00a0\u00bb, commissariat : Guillaume Constantin, Les Instants Chavir\u00e9s, Montreuil, France<br>\u00ab\u00a0Art au Parvis 1\u00a0\u00bb, commissariat : Philippe Eydieu, la T\u00f4lerie, Clermont-Ferrand, France<\/p>\n\n\n\n<p style=\"font-size:25px\"><strong>2011&nbsp;&nbsp; <\/strong><br>\u00ab\u00a0Call XIII\u00a0\u00bb, Luis Adelantado Galeria, Valence, Espagne<br>\u00ab\u00a0Particeps, palissades, particules\u00a0\u00bb, commissariat : Aur\u00e9lie Godard, Arko, Nevers, France<br>\u00ab\u00a0V\u00e9lizy-Discovery\u00a0\u00bb, commissariat : Sophie Auger and the Micro-Onde, V\u00e9lizy, France<br>\u00ab\u00a0Optique 2\u00a0\u00bb, commissariat : Bernard Gu\u00e9gan, vid\u00e9oclubparis, Paris, France<br>\u00ab\u00a0Du commun au comme-un\u00a0\u00bb, Multitudes, n\u00b0 special 45, commissariat : Caroline Soyez-Petithomme<\/p>\n\n\n\n<p style=\"font-size:25px\"><strong>2010&nbsp;&nbsp; <\/strong><br>\u00ab\u00a0Ma premi\u00e8re fois avec un dramaturge\u00a0\u00bb project of Jennifer Lacey, les laboratoires d&rsquo;Aubervilliers, Aubervilliers, France<br>\u00ab\u00a0La gamme P\u00e9rouse\u00a0\u00bb, M.O.H.L.L 148, Aubervilliers, France<br>\u00ab\u00a0Places\u00a0\u00bb, Eponyme galerie, commissariat : Benjamin Hochart, Bordeaux, France<br>\u00ab\u00a0Transfrontaliers\u00a0\u00bb, le 10neuf, CRAC, Montb\u00e9liard, France<br>\u00ab\u00a0The Zero Budget Biennial\u00a0\u00bb, klemm&rsquo;s gallery, Berlin, Allemagne<br>\u00ab\u00a0The Zero Budget Biennial\u00a0\u00bb, Rokeby gallery, Londres, Royaume Uni<br>\u00ab\u00a0The Zero Budget Biennial\u00a0\u00bb, Pianissimo gallery, Milan, Italie<\/p>\n\n\n\n<p style=\"font-size:25px\"><strong>2009&nbsp;&nbsp; <\/strong><br>\u00ab\u00a0Poetique du chantier\u00a0\u00bb, commissariat : J.M Colard &amp; J. Singer, Ch\u00e2teau-mus\u00e9e, Annecy, France<br>\u00ab\u00a0The Zero Budget Biennial\u00a0\u00bb, commissariat : Chris Sharp &amp; Joanna Fiduccia, galerie Carlos Cardenas &amp; Schleicher+Lange, Paris, France<br>\u00ab\u00a0Interferencia\u00a0\u00bb, commissariat : Irene Aristizabal, Museo de la ciendad, Bogota, Colombie<br>\u00ab\u00a0Peinture\u00a0\u00bb, M.OH.L.L148, Aubervilliers, France<br>\u00ab\u00a0Flash # 01: the Pugilist\u00a0\u00bb, les petites formes concert\u00e9es, Centre d&rsquo;art du Parc Saint L\u00e9ger, Pougues-les-eaux, France<\/p>\n\n\n\n<p style=\"font-size:25px\"><strong>2008&nbsp;&nbsp; <\/strong><br>\u00ab\u00a0Assemblage\u00a0\u00bb, Galerie Laurent Godin, Paris, France<\/p>\n\n\n\n<p style=\"font-size:25px\"><strong>2007&nbsp;&nbsp; <\/strong><br>\u00ab\u00a0Suite fran\u00e7aise\u00a0\u00bb, commissariat : Corentin Hamel and Steven Guermeur, Krizinger projekte, Vienne, Autriche<br>\u00ab\u00a0Venus a Adding\u00a0\u00bb, Installation permanente en collaboration avec Zoomfactor Architectes, Paris, France<br>\u00ab\u00a0Collector\u00a0\u00bb, commissariat : Julien Amicel, Point \u00e9ph\u00e9m\u00e8re, Paris, France<br>\u00ab\u00a0Edition\/exposition\u00a0\u00bb, commissariat : Le Flac and Val\u00e9rie Sandoz MLIS, Villeurbanne, France<br>\u00ab\u00a0Wheeeeeeel\u00a0\u00bb, commissariat : Thierry Leviez and Marie-Fr\u00e9d\u00e9rique Hallin Printemps de septembre, Toulouse, France<br>\u00ab\u00a0House trip\u00a0\u00bb, commissariat : Ami Barak art forum Berlin, Allemagne<br>\u00ab\u00a0Double Take\u00a0\u00bb, art space, KNUA university, Seoul, Cor\u00e9e<br>\u00ab\u00a0Prix Altadis\u00a0\u00bb, commissariat : M. Navarro, C. Bourgeois, S. Diaz,&nbsp; Salvador Diaz Gallery, Madrid, Espagne<br>\u00ab\u00a0A tous les \u00e9tages\u00a0\u00bb, ENSA Paris-belleville, frac \u00eele-de-France collection, Paris, France<br>\u00ab\u00a0Prix Altadis\u00a0\u00bb, commissariat : C. Bourgeois, C. Cargnel, M. Navarro Cosmic, Gallery, Paris, France<\/p>\n\n\n\n<p style=\"font-size:25px\"><strong>2006&nbsp;&nbsp; <\/strong><br>\u00ab\u00a0Shaking smooth spaces\u00a0\u00bb, commissariat : M\u00e9lanie Bouteloup La g\u00e9n\u00e9rale, Paris, &nbsp; France<br>\u00ab\u00a0Salon des \u00e9diteurs light\u00a0\u00bb, Point \u00e9ph\u00e9m\u00e8re, Paris, France<br>\u00ab\u00a0Prix Altadis\u00a0\u00bb, commissariat : C. Bourgeois, M. Navarro, exposition des nomin\u00e9s, Mk2 Biblioth\u00e8que, Paris, France<br>\u00ab\u00a0Kekka\u00ef\u00a0\u00bb, Haptic, vestibule de la Maison Rouge commissariat : Haptic, Paris, France<br>\u00ab\u00a0Archipeinture\u00a0\u00bb, commissariat : Jenni Lomax, Caroline Bourgeois, Bruce Haines Camden art centre , Londres, Royaume Uni<br>\u00ab\u00a0Depart\u00a0\u00bb, commissariat : Tony Brown, Starhill gallery, Kuala Lumpur, Malaysie<br>\u00ab\u00a0Queegueg\u00a0\u00bb, commissariat : Julien Amicel, Point \u00e9ph\u00e9m\u00e8re, Paris, France<\/p>\n\n\n\n<p style=\"font-size:25px\"><strong>2005&nbsp;&nbsp; <\/strong><br>\u00ab\u00a02\/4\/5\/6\u00a0\u00bb, 3H d\u2019exposition chez S. Calais, Paris, France<\/p>\n\n\n\n<p style=\"font-size:25px\"><\/p>\n","protected":false},"excerpt":{"rendered":"<p>Collections : Cit\u00e9 de la c\u00e9ramique, S\u00e8vresFMAC, ville de ParisCNAP, Parisfrac \u00eele de Francefrac Midi-Pyr\u00e9n\u00e9esfrac Pays de la loireArtoth\u00e8que HennebontArtoth\u00e8que du LotArtoth\u00e8que B.M, LyonArtoh\u00e8que MLIS, VilleurbanneCollection AltadisFRAC, Picardie, Nouveau mus\u00e9e national de Monaco,Fondation thalie Solo show : 2026 \u00ab\u00a0El pie del bosque\u00a0\u00bb Luis Adelantado Galeria, Valencia 2025 \u00ab\u00a0Hallfmoon Solarday\u00a0\u00bb, Magen H Gallery with Lefebvre&amp;fils, New [&hellip;]<\/p>\n","protected":false},"author":1,"featured_media":0,"parent":0,"menu_order":0,"comment_status":"closed","ping_status":"closed","template":"","meta":{"cybocfi_hide_featured_image":"","footnotes":""},"class_list":["post-1493","page","type-page","status-publish","hentry","missing-thumbnail"],"yoast_head":"<!-- This site is optimized with the Yoast SEO plugin v27.6 - https:\/\/yoast.com\/product\/yoast-seo-wordpress\/ -->\n<title>Bio - Lamarche-Ovize<\/title>\n<meta name=\"robots\" content=\"index, follow, max-snippet:-1, max-image-preview:large, max-video-preview:-1\" \/>\n<link rel=\"canonical\" href=\"https:\/\/lamarche-ovize.com\/index.php\/bio\/\" \/>\n<meta property=\"og:locale\" content=\"fr_FR\" \/>\n<meta property=\"og:type\" content=\"article\" \/>\n<meta property=\"og:title\" content=\"Bio - Lamarche-Ovize\" \/>\n<meta property=\"og:description\" content=\"Collections : Cit\u00e9 de la c\u00e9ramique, S\u00e8vresFMAC, ville de ParisCNAP, Parisfrac \u00eele de Francefrac Midi-Pyr\u00e9n\u00e9esfrac Pays de la loireArtoth\u00e8que HennebontArtoth\u00e8que du LotArtoth\u00e8que B.M, LyonArtoh\u00e8que MLIS, VilleurbanneCollection AltadisFRAC, Picardie, Nouveau mus\u00e9e national de Monaco,Fondation thalie Solo show : 2026 \u00ab\u00a0El pie del bosque\u00a0\u00bb Luis Adelantado Galeria, Valencia 2025 \u00ab\u00a0Hallfmoon Solarday\u00a0\u00bb, Magen H Gallery with Lefebvre&amp;fils, New [&hellip;]\" \/>\n<meta property=\"og:url\" content=\"https:\/\/lamarche-ovize.com\/index.php\/bio\/\" \/>\n<meta property=\"og:site_name\" content=\"Lamarche-Ovize\" \/>\n<meta property=\"article:modified_time\" content=\"2026-01-09T14:10:47+00:00\" \/>\n<meta name=\"twitter:card\" content=\"summary_large_image\" \/>\n<meta name=\"twitter:label1\" content=\"Dur\u00e9e de lecture estim\u00e9e\" \/>\n\t<meta name=\"twitter:data1\" content=\"7 minutes\" \/>\n<script type=\"application\/ld+json\" class=\"yoast-schema-graph\">{\"@context\":\"https:\\\/\\\/schema.org\",\"@graph\":[{\"@type\":\"WebPage\",\"@id\":\"https:\\\/\\\/lamarche-ovize.com\\\/index.php\\\/bio\\\/\",\"url\":\"https:\\\/\\\/lamarche-ovize.com\\\/index.php\\\/bio\\\/\",\"name\":\"Bio - Lamarche-Ovize\",\"isPartOf\":{\"@id\":\"https:\\\/\\\/lamarche-ovize.com\\\/#website\"},\"datePublished\":\"2023-05-22T07:36:45+00:00\",\"dateModified\":\"2026-01-09T14:10:47+00:00\",\"breadcrumb\":{\"@id\":\"https:\\\/\\\/lamarche-ovize.com\\\/index.php\\\/bio\\\/#breadcrumb\"},\"inLanguage\":\"fr-FR\",\"potentialAction\":[{\"@type\":\"ReadAction\",\"target\":[\"https:\\\/\\\/lamarche-ovize.com\\\/index.php\\\/bio\\\/\"]}]},{\"@type\":\"BreadcrumbList\",\"@id\":\"https:\\\/\\\/lamarche-ovize.com\\\/index.php\\\/bio\\\/#breadcrumb\",\"itemListElement\":[{\"@type\":\"ListItem\",\"position\":1,\"name\":\"Accueil\",\"item\":\"https:\\\/\\\/lamarche-ovize.com\\\/\"},{\"@type\":\"ListItem\",\"position\":2,\"name\":\"Bio\"}]},{\"@type\":\"WebSite\",\"@id\":\"https:\\\/\\\/lamarche-ovize.com\\\/#website\",\"url\":\"https:\\\/\\\/lamarche-ovize.com\\\/\",\"name\":\"Lamarche-Ovize\",\"description\":\"\",\"potentialAction\":[{\"@type\":\"SearchAction\",\"target\":{\"@type\":\"EntryPoint\",\"urlTemplate\":\"https:\\\/\\\/lamarche-ovize.com\\\/?s={search_term_string}\"},\"query-input\":{\"@type\":\"PropertyValueSpecification\",\"valueRequired\":true,\"valueName\":\"search_term_string\"}}],\"inLanguage\":\"fr-FR\"}]}<\/script>\n<!-- \/ Yoast SEO plugin. -->","yoast_head_json":{"title":"Bio - Lamarche-Ovize","robots":{"index":"index","follow":"follow","max-snippet":"max-snippet:-1","max-image-preview":"max-image-preview:large","max-video-preview":"max-video-preview:-1"},"canonical":"https:\/\/lamarche-ovize.com\/index.php\/bio\/","og_locale":"fr_FR","og_type":"article","og_title":"Bio - Lamarche-Ovize","og_description":"Collections : Cit\u00e9 de la c\u00e9ramique, S\u00e8vresFMAC, ville de ParisCNAP, Parisfrac \u00eele de Francefrac Midi-Pyr\u00e9n\u00e9esfrac Pays de la loireArtoth\u00e8que HennebontArtoth\u00e8que du LotArtoth\u00e8que B.M, LyonArtoh\u00e8que MLIS, VilleurbanneCollection AltadisFRAC, Picardie, Nouveau mus\u00e9e national de Monaco,Fondation thalie Solo show : 2026 \u00ab\u00a0El pie del bosque\u00a0\u00bb Luis Adelantado Galeria, Valencia 2025 \u00ab\u00a0Hallfmoon Solarday\u00a0\u00bb, Magen H Gallery with Lefebvre&amp;fils, New [&hellip;]","og_url":"https:\/\/lamarche-ovize.com\/index.php\/bio\/","og_site_name":"Lamarche-Ovize","article_modified_time":"2026-01-09T14:10:47+00:00","twitter_card":"summary_large_image","twitter_misc":{"Dur\u00e9e de lecture estim\u00e9e":"7 minutes"},"schema":{"@context":"https:\/\/schema.org","@graph":[{"@type":"WebPage","@id":"https:\/\/lamarche-ovize.com\/index.php\/bio\/","url":"https:\/\/lamarche-ovize.com\/index.php\/bio\/","name":"Bio - Lamarche-Ovize","isPartOf":{"@id":"https:\/\/lamarche-ovize.com\/#website"},"datePublished":"2023-05-22T07:36:45+00:00","dateModified":"2026-01-09T14:10:47+00:00","breadcrumb":{"@id":"https:\/\/lamarche-ovize.com\/index.php\/bio\/#breadcrumb"},"inLanguage":"fr-FR","potentialAction":[{"@type":"ReadAction","target":["https:\/\/lamarche-ovize.com\/index.php\/bio\/"]}]},{"@type":"BreadcrumbList","@id":"https:\/\/lamarche-ovize.com\/index.php\/bio\/#breadcrumb","itemListElement":[{"@type":"ListItem","position":1,"name":"Accueil","item":"https:\/\/lamarche-ovize.com\/"},{"@type":"ListItem","position":2,"name":"Bio"}]},{"@type":"WebSite","@id":"https:\/\/lamarche-ovize.com\/#website","url":"https:\/\/lamarche-ovize.com\/","name":"Lamarche-Ovize","description":"","potentialAction":[{"@type":"SearchAction","target":{"@type":"EntryPoint","urlTemplate":"https:\/\/lamarche-ovize.com\/?s={search_term_string}"},"query-input":{"@type":"PropertyValueSpecification","valueRequired":true,"valueName":"search_term_string"}}],"inLanguage":"fr-FR"}]}},"_links":{"self":[{"href":"https:\/\/lamarche-ovize.com\/index.php\/wp-json\/wp\/v2\/pages\/1493","targetHints":{"allow":["GET"]}}],"collection":[{"href":"https:\/\/lamarche-ovize.com\/index.php\/wp-json\/wp\/v2\/pages"}],"about":[{"href":"https:\/\/lamarche-ovize.com\/index.php\/wp-json\/wp\/v2\/types\/page"}],"author":[{"embeddable":true,"href":"https:\/\/lamarche-ovize.com\/index.php\/wp-json\/wp\/v2\/users\/1"}],"replies":[{"embeddable":true,"href":"https:\/\/lamarche-ovize.com\/index.php\/wp-json\/wp\/v2\/comments?post=1493"}],"version-history":[{"count":84,"href":"https:\/\/lamarche-ovize.com\/index.php\/wp-json\/wp\/v2\/pages\/1493\/revisions"}],"predecessor-version":[{"id":4340,"href":"https:\/\/lamarche-ovize.com\/index.php\/wp-json\/wp\/v2\/pages\/1493\/revisions\/4340"}],"wp:attachment":[{"href":"https:\/\/lamarche-ovize.com\/index.php\/wp-json\/wp\/v2\/media?parent=1493"}],"curies":[{"name":"wp","href":"https:\/\/api.w.org\/{rel}","templated":true}]}}